{"id":38,"date":"2020-07-13T15:55:52","date_gmt":"2020-07-13T15:55:52","guid":{"rendered":"http:\/\/www.sinanbeykonagi.com\/?page_id=38"},"modified":"2020-07-13T16:50:04","modified_gmt":"2020-07-13T16:50:04","slug":"iletisim","status":"publish","type":"page","link":"http:\/\/www.sinanbeykonagi.com\/index.php\/iletisim\/","title":{"rendered":"\u0130LET\u0130\u015e\u0130M"},"content":{"rendered":"\n<figure><iframe loading=\"lazy\" src=\"https:\/\/www.google.com\/maps\/embed?pb=!4v1594655708854!6m8!1m7!1sxRzIes6x6xSfm3ByjsJKHw!2m2!1d41.37266534870414!2d33.77453053198021!3f323.7633306037644!4f1.2407899193902523!5f0.7820865974627469\" allowfullscreen=\"\" width=\"1600\" height=\"400\"><\/iframe><\/figure>\n\n\n\n<p class=\"has-text-align-center\"><strong>Sinan Bey Kona\u011f\u0131<\/strong><br><strong>Telefon:<\/strong>0 366 212 60 21<br><strong>Faks:<\/strong> 0 366 214 41 71<br><strong>E-Posta:<\/strong> <a href=\"mailto:info@sinanbeykonagi.com\">info@sinanbeykonagi.com<\/a><br><strong>Adres:<\/strong> Hepkebirler mah. Sinanbey Camii arkas\u0131 Merkez \/ KASTAMONU<\/p>\n","protected":false},"excerpt":{"rendered":"<p>Sinan Bey Kona\u011f\u0131Telefon:0 366 212 60 21Faks: 0 366 214 41 71E-Posta: info@sinanbeykonagi.comAdres: Hepkebirler mah. Sinanbey Camii arkas\u0131 Merkez \/ KASTAMONU<\/p>\n","protected":false},"author":1,"featured_media":0,"parent":0,"menu_order":0,"comment_status":"closed","ping_status":"closed","template":"","meta":{"footnotes":""},"class_list":["post-38","page","type-page","status-publish","hentry"],"_links":{"self":[{"href":"http:\/\/www.sinanbeykonagi.com\/index.php\/wp-json\/wp\/v2\/pages\/38","targetHints":{"allow":["GET"]}}],"collection":[{"href":"http:\/\/www.sinanbeykonagi.com\/index.php\/wp-json\/wp\/v2\/pages"}],"about":[{"href":"http:\/\/www.sinanbeykonagi.com\/index.php\/wp-json\/wp\/v2\/types\/page"}],"author":[{"embeddable":true,"href":"http:\/\/www.sinanbeykonagi.com\/index.php\/wp-json\/wp\/v2\/users\/1"}],"replies":[{"embeddable":true,"href":"http:\/\/www.sinanbeykonagi.com\/index.php\/wp-json\/wp\/v2\/comments?post=38"}],"version-history":[{"count":4,"href":"http:\/\/www.sinanbeykonagi.com\/index.php\/wp-json\/wp\/v2\/pages\/38\/revisions"}],"predecessor-version":[{"id":46,"href":"http:\/\/www.sinanbeykonagi.com\/index.php\/wp-json\/wp\/v2\/pages\/38\/revisions\/46"}],"wp:attachment":[{"href":"http:\/\/www.sinanbeykonagi.com\/index.php\/wp-json\/wp\/v2\/media?parent=38"}],"curies":[{"name":"wp","href":"https:\/\/api.w.org\/{rel}","templated":true}]}}