{"id":86,"date":"2020-07-13T17:00:52","date_gmt":"2020-07-13T17:00:52","guid":{"rendered":"http:\/\/www.sinanbeykonagi.com\/?page_id=86"},"modified":"2020-07-23T10:16:48","modified_gmt":"2020-07-23T10:16:48","slug":"hizmetlerimiz","status":"publish","type":"page","link":"http:\/\/www.sinanbeykonagi.com\/index.php\/hizmetlerimiz\/","title":{"rendered":"H\u0130ZMETLER\u0130M\u0130Z"},"content":{"rendered":"\n<figure class=\"wp-block-gallery columns-1 is-cropped wp-block-gallery-1 is-layout-flex wp-block-gallery-is-layout-flex\"><ul class=\"blocks-gallery-grid\"><li class=\"blocks-gallery-item\"><figure><img loading=\"lazy\" decoding=\"async\" width=\"225\" height=\"300\" src=\"http:\/\/www.sinanbeykonagi.com\/wp-content\/uploads\/2020\/07\/GVVX8822_788x1050-225x300.jpg\" alt=\"\" data-id=\"49\" data-full-url=\"http:\/\/www.sinanbeykonagi.com\/wp-content\/uploads\/2020\/07\/GVVX8822_788x1050.jpg\" data-link=\"http:\/\/www.sinanbeykonagi.com\/gvvx8822_788x1050\/\" class=\"wp-image-49\" srcset=\"http:\/\/www.sinanbeykonagi.com\/wp-content\/uploads\/2020\/07\/GVVX8822_788x1050-225x300.jpg 225w, http:\/\/www.sinanbeykonagi.com\/wp-content\/uploads\/2020\/07\/GVVX8822_788x1050-768x1023.jpg 768w, http:\/\/www.sinanbeykonagi.com\/wp-content\/uploads\/2020\/07\/GVVX8822_788x1050.jpg 788w\" sizes=\"auto, (max-width: 225px) 100vw, 225px\" \/><\/figure><\/li><\/ul><\/figure>\n\n\n\n<p>Kona\u011f\u0131m\u0131zda birbirinden farkl\u0131 13 oda olup odalar\u0131m\u0131z\u0131n t\u00fcm\u00fcnde banyo,wc, sa\u00e7 kurutma makinesi,tv,W\u0130-F\u0130(kablosuz internet), minibar,24 saat s\u0131cak su ve merkezi \u0131s\u0131tma sistemi standart olarak yer almaktad\u0131r. Kona\u011f\u0131m\u0131zda konaklama oda-kahvalt\u0131 (ok) veya ak\u015fam yeme\u011fi ilavesi ile yar\u0131m pansiyon(yp) \u015feklindedir.ayr\u0131ca oda servisi hizmeti de verilmektedir.<\/p>\n\n\n\n<p>Otelimiz zemin kat,art\u0131 3 kattan olu\u015fur. Sinan bey kona\u011f\u0131 giri\u015f kat\u0131nda Osmanl\u0131 mimarisini g\u00fcn\u00fcm\u00fcze ta\u015f\u0131yan haremlik-selaml\u0131k b\u00f6l\u00fcm\u00fc bulunmaktad\u0131r. \u0130kinci katlar aile ya\u015fam\u0131n\u0131n ortak alan\u0131. \u00dc\u00e7\u00fcnc\u00fc kat evin konuklar\u0131n\u0131 a\u011f\u0131rlad\u0131\u011f\u0131 cihann\u00fcmas\u0131 olan mekan olarak tasarlanm\u0131\u015ft\u0131r. Zemin kat (bah\u00e7e kat\u0131) misafirleri a\u011f\u0131rlamak i\u00e7in tasarlanm\u0131\u015f olan yatak odas\u0131d\u0131r.<\/p>\n\n\n\n<p>Misafirlerimize 13 oda ve 32 yatak kapasitesiyle konaklama imkan\u0131 , y\u00f6resel ev yemekleri, \u0131zgara ve meze \u00e7e\u015fitleri ile cihann\u00fcmas\u0131nda b\u00fcy\u00fcl\u00fc bir ortamda vakit ge\u00e7irebilece\u011fi otantik bir mekanda y\u00fcz\u00fcn\u00fc tarihi kale ve saat kulesine \u00e7evirmi\u015f bir konakta dinlenme imkan\u0131 sunuyoruz.<\/p>\n\n\n\n<p>Huzur i\u00e7inde \u0131hlamur a\u011fac\u0131 g\u00f6lgesinde yap\u0131lan kahvalt\u0131 ,  \u00f6\u011flen yeme\u011fi ve \u00e7i\u00e7ek kokular\u0131 i\u00e7inde servis edilen s\u0131cak-so\u011fuk i\u00e7ecekler ve onlara e\u015flik eden masadaki yiyecekler<\/p>\n","protected":false},"excerpt":{"rendered":"<p>Kona\u011f\u0131m\u0131zda birbirinden farkl\u0131 13 oda olup odalar\u0131m\u0131z\u0131n t\u00fcm\u00fcnde banyo,wc, sa\u00e7 kurutma makinesi,tv,W\u0130-F\u0130(kablosuz internet), minibar,24 saat s\u0131cak su ve merkezi \u0131s\u0131tma sistemi standart olarak yer almaktad\u0131r. Kona\u011f\u0131m\u0131zda konaklama oda-kahvalt\u0131 (ok) veya ak\u015fam yeme\u011fi ilavesi ile yar\u0131m pansiyon(yp) \u015feklindedir.ayr\u0131ca oda servisi hizmeti de verilmektedir. Otelimiz zemin kat,art\u0131 3 kattan olu\u015fur. Sinan bey kona\u011f\u0131 giri\u015f kat\u0131nda Osmanl\u0131 mimarisini [&hellip;]<\/p>\n","protected":false},"author":1,"featured_media":0,"parent":0,"menu_order":0,"comment_status":"closed","ping_status":"closed","template":"","meta":{"footnotes":""},"class_list":["post-86","page","type-page","status-publish","hentry"],"_links":{"self":[{"href":"http:\/\/www.sinanbeykonagi.com\/index.php\/wp-json\/wp\/v2\/pages\/86","targetHints":{"allow":["GET"]}}],"collection":[{"href":"http:\/\/www.sinanbeykonagi.com\/index.php\/wp-json\/wp\/v2\/pages"}],"about":[{"href":"http:\/\/www.sinanbeykonagi.com\/index.php\/wp-json\/wp\/v2\/types\/page"}],"author":[{"embeddable":true,"href":"http:\/\/www.sinanbeykonagi.com\/index.php\/wp-json\/wp\/v2\/users\/1"}],"replies":[{"embeddable":true,"href":"http:\/\/www.sinanbeykonagi.com\/index.php\/wp-json\/wp\/v2\/comments?post=86"}],"version-history":[{"count":3,"href":"http:\/\/www.sinanbeykonagi.com\/index.php\/wp-json\/wp\/v2\/pages\/86\/revisions"}],"predecessor-version":[{"id":147,"href":"http:\/\/www.sinanbeykonagi.com\/index.php\/wp-json\/wp\/v2\/pages\/86\/revisions\/147"}],"wp:attachment":[{"href":"http:\/\/www.sinanbeykonagi.com\/index.php\/wp-json\/wp\/v2\/media?parent=86"}],"curies":[{"name":"wp","href":"https:\/\/api.w.org\/{rel}","templated":true}]}}